{"id":290,"date":"2023-02-14T18:39:38","date_gmt":"2023-02-14T17:39:38","guid":{"rendered":"https:\/\/comercialmario.com\/?post_type=product&#038;p=290"},"modified":"2025-10-09T14:44:22","modified_gmt":"2025-10-09T12:44:22","slug":"detector-de-billetes-falsos-motorizado-mustek-d9-luz-uv-eu-gbp-chf-y-pln","status":"publish","type":"product","link":"https:\/\/comercialmario.com\/index.php\/product\/detector-de-billetes-falsos-motorizado-mustek-d9-luz-uv-eu-gbp-chf-y-pln\/","title":{"rendered":"Detector de billetes falsos motorizado Mustek D9 + Luz UV. EU, GBP, CHF y PLN."},"content":{"rendered":"<h4>Detector de billetes falsos motorizado Mustek D9 + Luz UV. EU, GBP, CHF y PLN.<\/h4>\n<p>100% TESTEADO POR EL BCE (www.ecb.int)<br \/>\nACTUALIZADO A LAS ULTIMAS VERSIONES DE EU 5, 10, 20, 50, 100 Y 200!!!!<\/p>\n<p>El D9, nueva versi\u00f3n del lector D8, es compatible con 4 divisas: Euro, Libra Esterlina, Franco Suizo y Zloty polaco. Comprueba la autenticidad del billete y muestra el valor del billete.<\/p>\n<p>Gracias a la funci\u00f3n de suma podr\u00e1 ver la cantidad total de los billetes comprobados en la pantalla.<\/p>\n<p>En el caso de que se detecte un billete sospechoso, sonar\u00e1 un pitido.<br \/>\nTambi\u00e9n incorpora dos l\u00e1mparas de luz UV para verificaci\u00f3n de documentos oficiales (DNI, Pasaporte&#8230;) o billetes.<br \/>\nGracias a la bater\u00eda recargable interna (opcional), el D9 puede utilizarse de forma sencilla en todos los comercios de servicio y al por menor, tanto del interior de los comercios como en el exterior.<\/p>\n<p>\u00bfHan emitido nuevos billetes? \u00a1No se preocupe! El D9 viene preparado con un puerto USB, lo que le facilita actualizar las nuevas versiones de divisas.<\/p>\n<h3 class=\"h4\">General<\/h3>\n<ul class=\"list-unstyled mb-4\">\n<li><strong>Contador:<\/strong>\u00a0SI<\/li>\n<li><strong>Detecta monedas\/billetes falsos:<\/strong>\u00a0SI<\/li>\n<li><strong>Interface:<\/strong>\u00a0USB<\/li>\n<li><strong>Software Actualizable:<\/strong>\u00a0SI<\/li>\n<li><div data-test='contact-form'\n\t\t\tid='contact-form-290'\n\t\t\tclass='jetpack-contact-form-container '\n\t\t\tdata-wp-interactive='jetpack\/form' data-wp-context='{\"formId\":\"290\",\"formHash\":\"a4e051256d12ba1690934a1a0370f5331ee77724\",\"showErrors\":false,\"errors\":[],\"fields\":[],\"isMultiStep\":false,\"useAjax\":true,\"submissionData\":null,\"formattedSubmissionData\":[],\"submissionSuccess\":false,\"submissionError\":null,\"elementId\":\"jp-form-a4e051256d12ba1690934a1a0370f5331ee77724\",\"isSingleInputForm\":false,\"isForcedHorizontal\":false}'\n\t\t\tdata-wp-watch--scroll-to-wrapper=\"callbacks.scrollToWrapper\"\n\t\t>\n<div class=\"contact-form-submission contact-form-ajax-submission\" data-wp-bind--aria-hidden=\"state.isSuccessMessageAriaHidden\" data-wp-class--submission-success=\"context.submissionSuccess\" id=\"contact-form-success-a4e051256d12ba1690934a1a0370f5331ee77724\" tabindex=\"-1\" aria-labelledby=\"contact-form-success-header-a4e051256d12ba1690934a1a0370f5331ee77724\"><p class=\"go-back-message\"><a class=\"link\" role=\"button\" tabindex=\"0\" data-wp-on--click=\"actions.goBack\" href=\"\/index.php\/wp-json\/wp\/v2\/product\/290\">\u2190 Volver<\/a><\/p><h4 data-wp-bind--aria-hidden=\"state.isSuccessMessageAriaHidden\" id=\"contact-form-success-header-a4e051256d12ba1690934a1a0370f5331ee77724\">Gracias por tu respuesta. \u2728<\/h4>\n\n<template data-wp-each--submission=\"context.formattedSubmissionData\">\n\t\t\t\t\t<div class=\"jetpack_forms_contact-form-success-summary\">\n\t\t\t\t\t\t<div class=\"field-name-wrapper\">\n\t\t\t\t\t\t\t<div class=\"field-type-icon\" data-wp-watch=\"callbacks.watchFieldTypeIcon\"><\/div>\n\t\t\t\t\t\t\t<div class=\"field-name\" data-wp-text=\"context.submission.label\" data-wp-bind--hidden=\"!context.submission.label\"><\/div>\n\t\t\t\t\t\t<\/div>\n\t\t\t\t\t\t<div class=\"field-value\" data-wp-text=\"context.submission.value\" data-wp-bind--hidden=\"!context.submission.showPlainValue\"><\/div>\n\t\t\t\t\t\t<a class=\"field-url\" data-wp-bind--href=\"context.submission.url\" data-wp-text=\"context.submission.value\" data-wp-bind--hidden=\"!context.submission.url\" target=\"_blank\" rel=\"noopener noreferrer\"><\/a>\n\t\t\t\t\t\t<div class=\"field-rating\" data-wp-bind--hidden=\"!context.submission.rating\" data-wp-watch=\"callbacks.watchRatingIcons\"><\/div>\n\t\t\t\t\t\t<div class=\"field-images\" data-wp-bind--hidden=\"!context.submission.images\">\n\t\t\t\t\t\t\t<template data-wp-each--image=\"context.submission.images\">\n\t\t\t\t\t\t\t\t<div class=\"field-image-option\" data-wp-class--is-empty=\"!context.image.src\">\n\t\t\t\t\t\t\t\t\t<figure class=\"field-image-option__image\" data-wp-class--is-empty=\"!context.image.src\">\n\t\t\t\t\t\t\t\t\t\t<img data-wp-bind--src=\"context.image.src\" data-wp-bind--hidden=\"!context.image.src\" \/>\n\t\t\t\t\t\t\t\t\t\t<img decoding=\"async\" src=\"data:image\/gif;base64,R0lGODlhAQABAAD\/ACwAAAAAAQABAAACADs=\" data-wp-bind--hidden=\"context.image.src\" \/>\n\t\t\t\t\t\t\t\t\t<\/figure>\n\t\t\t\t\t\t\t\t\t<div class=\"field-image-option__label-wrapper\">\n\t\t\t\t\t\t\t\t\t\t<span class=\"field-image-option__label-code\" data-wp-text=\"context.image.letterCode\"><\/span>\n\t\t\t\t\t\t\t\t\t\t<span class=\"field-image-option__label\" data-wp-text=\"context.image.label\" data-wp-bind--hidden=\"!context.image.label\"><\/span>\n\t\t\t\t\t\t\t\t\t<\/div>\n\t\t\t\t\t\t\t\t<\/div>\n\t\t\t\t\t\t\t<\/template>\n\t\t\t\t\t\t<\/div>\n\t\t\t\t\t\t<div class=\"field-files\" data-wp-bind--hidden=\"!context.submission.files\">\n\t\t\t\t\t\t\t<template data-wp-each--file=\"context.submission.files\">\n\t\t\t\t\t\t\t\t<div class=\"field-file\">\n\t\t\t\t\t\t\t\t\t<div class=\"field-file__thumbnail\" data-wp-style--background-image=\"context.file.previewUrl\" data-wp-style--mask-image=\"context.file.iconUrl\" data-wp-bind--hidden=\"!context.file.hasPreview\"><\/div>\n\t\t\t\t\t\t\t\t\t<svg class=\"field-file__icon\" data-wp-bind--hidden=\"context.file.hasPreview\" width=\"20\" height=\"20\" viewBox=\"0 0 24 24\" fill=\"none\" xmlns=\"http:\/\/www.w3.org\/2000\/svg\" aria-hidden=\"true\">\n\t\t\t\t\t\t\t\t\t\t<path d=\"M14 2H6C4.9 2 4 2.9 4 4V20C4 21.1 4.89 22 5.99 22H18C19.1 22 20 21.1 20 20V8L14 2ZM18 20H6V4H13V9H18V20Z\" fill=\"currentColor\"\/>\n\t\t\t\t\t\t\t\t\t<\/svg>\n\t\t\t\t\t\t\t\t\t<span class=\"field-file__name\" data-wp-text=\"context.file.name\"><\/span>\n\t\t\t\t\t\t\t\t\t<span class=\"field-file__size\" data-wp-text=\"context.file.size\"><\/span>\n\t\t\t\t\t\t\t\t<\/div>\n\t\t\t\t\t\t\t<\/template>\n\t\t\t\t\t\t<\/div>\n\t\t\t\t\t<\/div>\n\t\t\t\t<\/template><\/div><form action='https:\/\/comercialmario.com\/index.php\/product\/detector-de-billetes-falsos-motorizado-mustek-d9-luz-uv-eu-gbp-chf-y-pln\/'\n\t\t\t\tid='jp-form-a4e051256d12ba1690934a1a0370f5331ee77724'\n\t\t\t\tmethod='post'\n\t\t\t\tclass='contact-form commentsblock jetpack-contact-form__form has-no-jetpack-form-layout' aria-label=\"Detector de billetes falsos motorizado Mustek D9 + Luz UV. EU, GBP, CHF y PLN.\"\n\t\t\t\tdata-wp-on--submit=\"actions.onFormSubmit\"\n\t\t\t\tdata-wp-on--reset=\"actions.onFormReset\"\n\t\t\t\tdata-wp-class--submission-success=\"context.submissionSuccess\"\n\t\t\t\tdata-wp-class--is-first-step=\"state.isFirstStep\"\n\t\t\t\tdata-wp-class--is-last-step=\"state.isLastStep\"\n\t\t\t\tdata-wp-class--is-ajax-form=\"context.useAjax\"\n\t\t\t\tnovalidate >\n<input type='hidden' name='jetpack_contact_form_jwt' value='eyJ0eXAiOiJKV1QiLCJhbGciOiJIUzI1NiJ9.eyJlbmNyeXB0ZWRfYXR0cmlidXRlcyI6IlJSY3h5alR2bHVjS0M5dWhibU9kMUZJbkNBQXd5ZXRVNDN5aXNqT0JsTFVvNGUwRTJGeTd0MDJEQ21NbmJvRGdWRjNvWXpBT2txNm11TDluelFYYVpwMkp0R2Z4TEdqWDEyRmM5WEcwSkZ6WElzcE1WblplOXdPTEtaMm1YdGd1djJldG55REx1eUFFL1pIcitJbWZjcG1WbTg5R1RxZERYQkd5c1FKV01ZR3paakZyVGVRd1VPYmJjQ3hJNmJjTURPbDE4U1V2VGZMNEl4aThMamRnSHRkYWVKSkRVVWFodE52SzdNRHlBU3gwT2hyaEhRMHFsRzdpVWErbHQzOU5PQnlpUTdDdmFhV25PMlFETzZ6cUh4azM4eXIwQVY3YlcyYitQcnFiSlJJT2dQOE5TMnRiV2ZmNE4zUk9HTElRN0dtanowN1VDSFArWnZPemplUmJSODM2azJKVngxaFRpSGNUUmN5VUk5ZXVCaEpHTjZTNGlOdndjVjhVR1FSZjZDbFJkMVBjRzgyclNWcU44YlE1ODZ3d3hab1NJMjZmWlBZWEFpdXpUMjh1SHljYXB1V3NJSnpEU2RYUHpGMGNDVG1WMkJsUU5PeHI5V1RoMVh2VmJpbEdka1JBcmJuOXVNMGFUb3phYjdNaGZ4Z1VuWllzUWNTbzJOK25FNzNaTm4wekFrU2RUamEvVlpITWNOMFlyZ2hBcHVqMTFIRlpUU2UwRDNJb3pOZFdBS0xHMlBUdm9WYTB0N09ObU50MkZRWmlUNTNlZVZOS3pRdCtpRFdjL3JPSEZ3alBOc3ZndC80TTBiV3ovbXdnK2hWTlY1clNZakE5d0JXYlo1WldPaExDbmRBVTFQZllxc0ZMOGFvRmtsS2VwMWcxOTJRQ2hXNktaeXRkamlialdVSnhtMW1sZHVWTjRCTXNYa3lYV1d3ejRWbG1WNEhqcTJCRklZQ010TEpNakhjdEFjaHNMNTIvWWV2UmdGZ3ZoNzRjbUZ5TVRtang5MkJKQllPaHFBZFZwZktiRjlVSUQxaEtFN3hWbW1hRm1IUFBFTmRJMStwNHdPdjdvc3dHMVZuQ1BJQ2NzemJJUGtpTi93UEdlQnhaUzBzRDFFWkFNZmEwRm5GbEc4Vk1pa25NbTFwT084ZUVWendEb3ZSdUpSeFBGYUhmOXVDeDB3MzF1d3VlR2tRMFd6OG00MGoybWlNbkkvS2xaWlR6QmNqU1FWd3NKMXd1RThKZURXQXZOdE4waEs4S1YrZnZrTkg3ZUZESzVYSWw3Zmw5cUdnbUNjWVllaCtXR1FOeTU5Tllhdz09IiwiY29udGVudCI6Iltjb250YWN0LWZpZWxkIGxhYmVsPVwiTm9tYnJlXCIgdHlwZT1cIm5hbWVcIiAgcmVxdWlyZWQ9XCJ0cnVlXCIgL11bY29udGFjdC1maWVsZCBsYWJlbD1cIkNvcnJlbyBlbGVjdHJcdTAwZjNuaWNvXCIgdHlwZT1cImVtYWlsXCIgcmVxdWlyZWQ9XCJ0cnVlXCIgL11bY29udGFjdC1maWVsZCBsYWJlbD1cIldlYlwiIHR5cGU9XCJ1cmxcIiAvXVtjb250YWN0LWZpZWxkIGxhYmVsPVwiTWVuc2FqZVwiIHR5cGU9XCJ0ZXh0YXJlYVwiIC9dIiwiaGFzaCI6ImE0ZTA1MTI1NmQxMmJhMTY5MDkzNGExYTAzNzBmNTMzMWVlNzc3MjQiLCJzb3VyY2UiOnsiZW50cnlfdGl0bGUiOiJEZXRlY3RvciBkZSBiaWxsZXRlcyBmYWxzb3MgbW90b3JpemFkbyBNdXN0ZWsgRDkgKyBMdXogVVYuIEVVLCBHQlAsIENIRiB5IFBMTi4iLCJlbnRyeV9wYWdlIjoxLCJzb3VyY2VfaWQiOjI5MCwic291cmNlX3R5cGUiOiJzaW5nbGUiLCJyZXF1ZXN0X3VybCI6Imh0dHBzOi8vY29tZXJjaWFsbWFyaW8uY29tL3dwLWpzb24vd3AvdjIvcHJvZHVjdC8yOTAifSwidmVyc2lvbiI6MiwiY2lwaGVyIjoiYWVzLTI1Ni1nY20ifQ.kPAtdFL1AV5txoiLIuxYzrQyQbJ974qmvrlsE-Sr-6o' \/>\n\n<div style=\"\"  data-wp-interactive=\"jetpack\/form\" data-wp-context='{\"fieldId\":\"g290-nombre\",\"fieldType\":\"name\",\"fieldLabel\":\"Nombre\",\"fieldValue\":\"\",\"fieldPlaceholder\":\"\",\"fieldIsRequired\":\"1\",\"fieldErrorMessage\":\"\",\"fieldExtra\":[],\"formHash\":\"a4e051256d12ba1690934a1a0370f5331ee77724\"}'  class='grunion-field-name-wrap grunion-field-wrap'  data-wp-init='callbacks.initializeField' data-wp-on--jetpack-form-reset='callbacks.initializeField' >\n<label\n\t\t\t\tfor='g290-nombre' class=\"grunion-field-label name\" >Nombre<span class=\"grunion-label-required\" aria-hidden=\"true\">(obligatorio)<\/span><\/label>\n<input\n\t\t\t\t\ttype='text'\n\t\t\t\t\tname='g290-nombre'\n\t\t\t\t\tid='g290-nombre'\n\t\t\t\t\tvalue=''\n\n\t\t\t\t\tdata-wp-bind--aria-invalid='state.fieldAriaInvalid'\n\t\t\t\t\tdata-wp-bind--value='state.getFieldValue'\n\t\t\t\t\taria-describedby='g290-nombre-text-error-message'\n\t\t\t\t\tdata-wp-on--input='actions.onFieldChange'\n\t\t\t\t\tdata-wp-on--blur='actions.onFieldBlur'\n\t\t\t\t\tdata-wp-class--has-value='state.hasFieldValue'\n\n\t\t\t\t\tclass='name  grunion-field' \n\t\t\t\t\trequired='true' aria-required='true'  \/>\n \n\t\t\t<div id=\"g290-nombre-text-error\" class=\"contact-form__input-error\" data-wp-class--has-errors=\"state.fieldHasErrors\">\n\t\t\t\t<span class=\"contact-form__warning-icon\" aria-hidden=\"true\">\n\t\t\t\t\t<svg width=\"16\" height=\"16\" viewBox=\"0 0 16 16\" fill=\"none\" xmlns=\"http:\/\/www.w3.org\/2000\/svg\">\n\t\t\t\t\t\t<path d=\"M8.50015 11.6402H7.50015V10.6402H8.50015V11.6402Z\" \/>\n\t\t\t\t\t\t<path d=\"M7.50015 9.64018H8.50015V6.30684H7.50015V9.64018Z\" \/>\n\t\t\t\t\t\t<path fill-rule=\"evenodd\" clip-rule=\"evenodd\" d=\"M6.98331 3.0947C7.42933 2.30177 8.57096 2.30177 9.01698 3.09469L13.8771 11.7349C14.3145 12.5126 13.7525 13.4735 12.8602 13.4735H3.14004C2.24774 13.4735 1.68575 12.5126 2.12321 11.7349L6.98331 3.0947ZM8.14541 3.58496C8.08169 3.47168 7.9186 3.47168 7.85488 3.58496L2.99478 12.2251C2.93229 12.3362 3.01257 12.4735 3.14004 12.4735H12.8602C12.9877 12.4735 13.068 12.3362 13.0055 12.2251L8.14541 3.58496Z\" \/>\n\t\t\t\t\t<\/svg>\n\t\t\t\t<\/span>\n\t\t\t\t<span data-wp-text=\"state.errorMessage\" id=\"g290-nombre-text-error-message\"><\/span>\n\t\t\t<\/div> \n\t<\/div>\n\n<div style=\"\"  data-wp-interactive=\"jetpack\/form\" data-wp-context='{\"fieldId\":\"g290-correoelectrnico\",\"fieldType\":\"email\",\"fieldLabel\":\"Correo electr\\u00f3nico\",\"fieldValue\":\"\",\"fieldPlaceholder\":\"\",\"fieldIsRequired\":\"1\",\"fieldErrorMessage\":\"\",\"fieldExtra\":[],\"formHash\":\"a4e051256d12ba1690934a1a0370f5331ee77724\"}'  class='grunion-field-email-wrap grunion-field-wrap'  data-wp-init='callbacks.initializeField' data-wp-on--jetpack-form-reset='callbacks.initializeField' >\n<label\n\t\t\t\tfor='g290-correoelectrnico' class=\"grunion-field-label email\" >Correo electr\u00f3nico<span class=\"grunion-label-required\" aria-hidden=\"true\">(obligatorio)<\/span><\/label>\n<input\n\t\t\t\t\ttype='email'\n\t\t\t\t\tname='g290-correoelectrnico'\n\t\t\t\t\tid='g290-correoelectrnico'\n\t\t\t\t\tvalue=''\n\n\t\t\t\t\tdata-wp-bind--aria-invalid='state.fieldAriaInvalid'\n\t\t\t\t\tdata-wp-bind--value='state.getFieldValue'\n\t\t\t\t\taria-describedby='g290-correoelectrnico-email-error-message'\n\t\t\t\t\tdata-wp-on--input='actions.onFieldChange'\n\t\t\t\t\tdata-wp-on--blur='actions.onFieldBlur'\n\t\t\t\t\tdata-wp-class--has-value='state.hasFieldValue'\n\n\t\t\t\t\tclass='email  grunion-field' \n\t\t\t\t\trequired='true' aria-required='true'  \/>\n \n\t\t\t<div id=\"g290-correoelectrnico-email-error\" class=\"contact-form__input-error\" data-wp-class--has-errors=\"state.fieldHasErrors\">\n\t\t\t\t<span class=\"contact-form__warning-icon\" aria-hidden=\"true\">\n\t\t\t\t\t<svg width=\"16\" height=\"16\" viewBox=\"0 0 16 16\" fill=\"none\" xmlns=\"http:\/\/www.w3.org\/2000\/svg\">\n\t\t\t\t\t\t<path d=\"M8.50015 11.6402H7.50015V10.6402H8.50015V11.6402Z\" \/>\n\t\t\t\t\t\t<path d=\"M7.50015 9.64018H8.50015V6.30684H7.50015V9.64018Z\" \/>\n\t\t\t\t\t\t<path fill-rule=\"evenodd\" clip-rule=\"evenodd\" d=\"M6.98331 3.0947C7.42933 2.30177 8.57096 2.30177 9.01698 3.09469L13.8771 11.7349C14.3145 12.5126 13.7525 13.4735 12.8602 13.4735H3.14004C2.24774 13.4735 1.68575 12.5126 2.12321 11.7349L6.98331 3.0947ZM8.14541 3.58496C8.08169 3.47168 7.9186 3.47168 7.85488 3.58496L2.99478 12.2251C2.93229 12.3362 3.01257 12.4735 3.14004 12.4735H12.8602C12.9877 12.4735 13.068 12.3362 13.0055 12.2251L8.14541 3.58496Z\" \/>\n\t\t\t\t\t<\/svg>\n\t\t\t\t<\/span>\n\t\t\t\t<span data-wp-text=\"state.errorMessage\" id=\"g290-correoelectrnico-email-error-message\"><\/span>\n\t\t\t<\/div> \n\t<\/div>\n\n<div style=\"\"  data-wp-interactive=\"jetpack\/form\" data-wp-context='{\"fieldId\":\"g290-web\",\"fieldType\":\"url\",\"fieldLabel\":\"Web\",\"fieldValue\":\"\",\"fieldPlaceholder\":\"\",\"fieldIsRequired\":\"\",\"fieldErrorMessage\":\"\",\"fieldExtra\":[],\"formHash\":\"a4e051256d12ba1690934a1a0370f5331ee77724\"}'  class='grunion-field-url-wrap grunion-field-wrap'  data-wp-init='callbacks.initializeField' data-wp-on--jetpack-form-reset='callbacks.initializeField' >\n<label\n\t\t\t\tfor='g290-web' class=\"grunion-field-label url\" >Web<\/label>\n<input\n\t\t\t\t\ttype='text'\n\t\t\t\t\tname='g290-web'\n\t\t\t\t\tid='g290-web'\n\t\t\t\t\tvalue=''\n\n\t\t\t\t\tdata-wp-bind--aria-invalid='state.fieldAriaInvalid'\n\t\t\t\t\tdata-wp-bind--value='state.getFieldValue'\n\t\t\t\t\taria-describedby='g290-web-text-error-message'\n\t\t\t\t\tdata-wp-on--input='actions.onFieldChange'\n\t\t\t\t\tdata-wp-on--blur='actions.onFieldBlur'\n\t\t\t\t\tdata-wp-class--has-value='state.hasFieldValue'\n\n\t\t\t\t\tclass='url  grunion-field' \n\t\t\t\t\t \/>\n \n\t\t\t<div id=\"g290-web-text-error\" class=\"contact-form__input-error\" data-wp-class--has-errors=\"state.fieldHasErrors\">\n\t\t\t\t<span class=\"contact-form__warning-icon\" aria-hidden=\"true\">\n\t\t\t\t\t<svg width=\"16\" height=\"16\" viewBox=\"0 0 16 16\" fill=\"none\" xmlns=\"http:\/\/www.w3.org\/2000\/svg\">\n\t\t\t\t\t\t<path d=\"M8.50015 11.6402H7.50015V10.6402H8.50015V11.6402Z\" \/>\n\t\t\t\t\t\t<path d=\"M7.50015 9.64018H8.50015V6.30684H7.50015V9.64018Z\" \/>\n\t\t\t\t\t\t<path fill-rule=\"evenodd\" clip-rule=\"evenodd\" d=\"M6.98331 3.0947C7.42933 2.30177 8.57096 2.30177 9.01698 3.09469L13.8771 11.7349C14.3145 12.5126 13.7525 13.4735 12.8602 13.4735H3.14004C2.24774 13.4735 1.68575 12.5126 2.12321 11.7349L6.98331 3.0947ZM8.14541 3.58496C8.08169 3.47168 7.9186 3.47168 7.85488 3.58496L2.99478 12.2251C2.93229 12.3362 3.01257 12.4735 3.14004 12.4735H12.8602C12.9877 12.4735 13.068 12.3362 13.0055 12.2251L8.14541 3.58496Z\" \/>\n\t\t\t\t\t<\/svg>\n\t\t\t\t<\/span>\n\t\t\t\t<span data-wp-text=\"state.errorMessage\" id=\"g290-web-text-error-message\"><\/span>\n\t\t\t<\/div> \n\t<\/div>\n\n<div style=\"\"  data-wp-interactive=\"jetpack\/form\" data-wp-context='{\"fieldId\":\"g290-mensaje\",\"fieldType\":\"textarea\",\"fieldLabel\":\"Mensaje\",\"fieldValue\":\"\",\"fieldPlaceholder\":\"\",\"fieldIsRequired\":\"\",\"fieldErrorMessage\":\"\",\"fieldExtra\":[],\"formHash\":\"a4e051256d12ba1690934a1a0370f5331ee77724\"}'  class='grunion-field-textarea-wrap grunion-field-wrap'  data-wp-init='callbacks.initializeField' data-wp-on--jetpack-form-reset='callbacks.initializeField' >\n<label\n\t\t\t\tfor='contact-form-comment-g290-mensaje' class=\"grunion-field-label textarea\" >Mensaje<\/label>\n<textarea\n\t\t                style=''\n\t\t                name='g290-mensaje'\n\t\t                id='contact-form-comment-g290-mensaje'\n\t\t                rows='20'\n\t\t\t\t\t\tdata-wp-text='state.getFieldValue'\n\t\t\t\t\t\tdata-wp-on--input='actions.onFieldChange'\n\t\t\t\t\t\tdata-wp-on--blur='actions.onFieldBlur'\n\t\t\t\t\t\tdata-wp-class--has-value='state.hasFieldValue'\n\t\t\t\t\t\taria-describedby='g290-mensaje-textarea-error-message'\n\t\t\t\t\t\tdata-wp-bind--aria-invalid='state.fieldAriaInvalid'\n\t\t\t\t\t\tclass='textarea  grunion-field'  ><\/textarea>\n \n\t\t\t<div id=\"g290-mensaje-textarea-error\" class=\"contact-form__input-error\" data-wp-class--has-errors=\"state.fieldHasErrors\">\n\t\t\t\t<span class=\"contact-form__warning-icon\" aria-hidden=\"true\">\n\t\t\t\t\t<svg width=\"16\" height=\"16\" viewBox=\"0 0 16 16\" fill=\"none\" xmlns=\"http:\/\/www.w3.org\/2000\/svg\">\n\t\t\t\t\t\t<path d=\"M8.50015 11.6402H7.50015V10.6402H8.50015V11.6402Z\" \/>\n\t\t\t\t\t\t<path d=\"M7.50015 9.64018H8.50015V6.30684H7.50015V9.64018Z\" \/>\n\t\t\t\t\t\t<path fill-rule=\"evenodd\" clip-rule=\"evenodd\" d=\"M6.98331 3.0947C7.42933 2.30177 8.57096 2.30177 9.01698 3.09469L13.8771 11.7349C14.3145 12.5126 13.7525 13.4735 12.8602 13.4735H3.14004C2.24774 13.4735 1.68575 12.5126 2.12321 11.7349L6.98331 3.0947ZM8.14541 3.58496C8.08169 3.47168 7.9186 3.47168 7.85488 3.58496L2.99478 12.2251C2.93229 12.3362 3.01257 12.4735 3.14004 12.4735H12.8602C12.9877 12.4735 13.068 12.3362 13.0055 12.2251L8.14541 3.58496Z\" \/>\n\t\t\t\t\t<\/svg>\n\t\t\t\t<\/span>\n\t\t\t\t<span data-wp-text=\"state.errorMessage\" id=\"g290-mensaje-textarea-error-message\"><\/span>\n\t\t\t<\/div>\n\t<\/div>\n\t<p class='contact-submit'>\n<div class=\"contact-form__error\" data-wp-class--show-errors=\"state.showFormErrors\"><span class=\"contact-form__warning-icon\" aria-hidden=\"true\"><i><\/i><\/span><span class=\"contact-form__error-message\" tabindex=\"-1\" data-wp-watch=\"callbacks.focusOnValidationError\" data-wp-text=\"state.getFormErrorMessage\"><\/span><ul aria-label=\"Errores del formulario\">\n\t\t\t\t<template data-wp-each=\"state.getErrorList\" data-wp-key=\"context.item.id\">\n\t\t\t\t\t<li><a data-wp-bind--href=\"context.item.anchor\" data-wp-on--click=\"actions.scrollIntoView\" data-wp-text=\"context.item.label\"><\/a><\/li>\n\t\t\t\t<\/template>\n\t\t\t\t<\/ul><\/div><div class=\"contact-form__error\" data-wp-class--show-errors=\"state.showSubmissionError\" data-wp-text=\"context.submissionError\" tabindex=\"-1\" data-wp-watch=\"callbacks.focusOnSubmissionError\"><\/div>\t\t<button type='submit' class='pushbutton-wide'>Enviar<\/button>\t\t<input type='hidden' name='contact-form-id' value='290' \/>\n\t\t<input type='hidden' name='action' value='grunion-contact-form' \/>\n\t\t<input type='hidden' name='contact-form-hash' value='a4e051256d12ba1690934a1a0370f5331ee77724' \/>\n\t<\/p>\n<p style=\"display: none !important;\" class=\"akismet-fields-container\" data-prefix=\"ak_\"><label>&#916;<textarea name=\"ak_hp_textarea\" cols=\"45\" rows=\"8\" maxlength=\"100\"><\/textarea><\/label><input type=\"hidden\" id=\"ak_js_1\" name=\"ak_js\" value=\"24\"\/><script>\ndocument.getElementById( \"ak_js_1\" ).setAttribute( \"value\", ( new Date() ).getTime() );\n<\/script>\n<\/p><\/form>\n<\/div><\/li>\n<\/ul>\n","protected":false},"excerpt":{"rendered":"<p>Detector de billetes falsos motorizado Mustek D9 + Luz UV. EU, GBP, CHF y PLN. 100% TESTEADO POR EL BCE (www.ecb.int) ACTUALIZADO A LAS ULTIMAS VERSIONES DE EU 5, 10, 20, 50, 100 Y 200!!!! El D9, nueva versi\u00f3n del lector D8, es compatible con 4 divisas: Euro, Libra Esterlina, Franco Suizo y Zloty polaco. [&hellip;]<\/p>\n","protected":false},"featured_media":291,"comment_status":"open","ping_status":"closed","template":"","meta":[],"product_brand":[],"product_cat":[140],"product_tag":[143,146,142,144,141,145],"class_list":{"0":"post-290","1":"product","2":"type-product","3":"status-publish","4":"has-post-thumbnail","6":"product_cat-monetica","7":"product_tag-billetes","8":"product_tag-contador","9":"product_tag-detector","10":"product_tag-falsos","11":"product_tag-monetica","12":"product_tag-validador","14":"first","15":"instock","16":"taxable","17":"shipping-taxable","18":"product-type-simple"},"aioseo_notices":[],"jetpack_sharing_enabled":true,"jetpack_likes_enabled":true,"_links":{"self":[{"href":"https:\/\/comercialmario.com\/index.php\/wp-json\/wp\/v2\/product\/290","targetHints":{"allow":["GET"]}}],"collection":[{"href":"https:\/\/comercialmario.com\/index.php\/wp-json\/wp\/v2\/product"}],"about":[{"href":"https:\/\/comercialmario.com\/index.php\/wp-json\/wp\/v2\/types\/product"}],"replies":[{"embeddable":true,"href":"https:\/\/comercialmario.com\/index.php\/wp-json\/wp\/v2\/comments?post=290"}],"wp:featuredmedia":[{"embeddable":true,"href":"https:\/\/comercialmario.com\/index.php\/wp-json\/wp\/v2\/media\/291"}],"wp:attachment":[{"href":"https:\/\/comercialmario.com\/index.php\/wp-json\/wp\/v2\/media?parent=290"}],"wp:term":[{"taxonomy":"product_brand","embeddable":true,"href":"https:\/\/comercialmario.com\/index.php\/wp-json\/wp\/v2\/product_brand?post=290"},{"taxonomy":"product_cat","embeddable":true,"href":"https:\/\/comercialmario.com\/index.php\/wp-json\/wp\/v2\/product_cat?post=290"},{"taxonomy":"product_tag","embeddable":true,"href":"https:\/\/comercialmario.com\/index.php\/wp-json\/wp\/v2\/product_tag?post=290"}],"curies":[{"name":"wp","href":"https:\/\/api.w.org\/{rel}","templated":true}]}}